{"id":605,"date":"2023-11-23T15:31:59","date_gmt":"2023-11-23T14:31:59","guid":{"rendered":"https:\/\/singacamerun.org\/camerun\/"},"modified":"2024-01-18T10:58:14","modified_gmt":"2024-01-18T09:58:14","slug":"camerun","status":"publish","type":"page","link":"https:\/\/singacamerun.org\/es\/camerun\/","title":{"rendered":"Camer\u00fan"},"content":{"rendered":"<p>[et_pb_section fb_built=\u00bb1&#8243; fullwidth=\u00bbon\u00bb next_background_color=\u00bb#ffffff\u00bb admin_label=\u00bbHeader Section\u00bb module_class=\u00bbhome-header\u00bb _builder_version=\u00bb4.17.6&#8243; background_enable_color=\u00bboff\u00bb background_image=\u00bbhttps:\/\/singacamerun.org\/wp-content\/uploads\/2023\/11\/IMG_7955.jpeg\u00bb background_blend=\u00bbmultiply\u00bb height=\u00bb60vh\u00bb overflow-y=\u00bbhidden\u00bb custom_padding=\u00bb0px||0px||false|false\u00bb bottom_divider_style=\u00bbramp\u00bb bottom_divider_flip=\u00bbhorizontal\u00bb custom_css_main_element=\u00bbbackground-position:50% 40% !important;\u00bb global_colors_info=\u00bb{}\u00bb][et_pb_fullwidth_header title=\u00bbinformaci\u00f3n de inter\u00e9s\u00bb subhead=\u00bbCamer\u00fan\u00bb text_orientation=\u00bbcenter\u00bb header_fullscreen=\u00bbon\u00bb _builder_version=\u00bb4.17.6&#8243; title_font=\u00bbOswald|||on|||||\u00bb title_font_size=\u00bb20px\u00bb title_letter_spacing=\u00bb3px\u00bb title_line_height=\u00bb1.5em\u00bb content_font=\u00bbLora||||||||\u00bb content_font_size=\u00bb22px\u00bb content_line_height=\u00bb2em\u00bb subhead_font=\u00bbLora|700|||||||\u00bb subhead_font_size=\u00bb60px\u00bb subhead_line_height=\u00bb1.5em\u00bb background_color=\u00bbrgba(255,255,255,0)\u00bb background_image=\u00bbhttps:\/\/scontent-mad2-1.cdninstagram.com\/v\/t39.30808-6\/387076561_190580944079434_4818332565821780136_n.png?stp=dst-png_e15&#038;efg=eyJ2ZW5jb2RlX3RhZyI6ImltYWdlX3VybGdlbi4xNTM2eDE1MzYuc2RyIn0&#038;_nc_ht=scontent-mad2-1.cdninstagram.com&#038;_nc_cat=110&#038;_nc_ohc=8GehAaEzEOcAX9gfJGD&#038;edm=ACWDqb8AAAAA&#038;ccb=7-5&#038;ig_cache_key=MzIxMjUwNDU5NDQ2MTk3OTQ4OA%3D%3D.2-ccb7-5&#038;oh=00_AfAd8oH3CnjqkR7-97FkhyYRpxE88QEvUPE41DEK4DUXUw&#038;oe=655663BD&#038;_nc_sid=ee9879&#8243; custom_button_one=\u00bbon\u00bb button_one_text_size=\u00bb16px\u00bb button_one_text_color=\u00bb#ffffff\u00bb button_one_bg_color=\u00bb#d29f68&#8243; button_one_border_width=\u00bb15px\u00bb button_one_border_color=\u00bbrgba(210,159,104,0)\u00bb button_one_border_radius=\u00bb100px\u00bb button_one_letter_spacing=\u00bb3px\u00bb button_one_font=\u00bbOswald|||on|||||\u00bb button_one_use_icon=\u00bboff\u00bb custom_button_two=\u00bbon\u00bb button_two_text_size=\u00bb16px\u00bb button_two_text_color=\u00bb#ffffff\u00bb button_two_bg_color=\u00bbrgba(255,255,255,0.35)\u00bb button_two_border_width=\u00bb15px\u00bb button_two_border_color=\u00bbrgba(0,0,0,0)\u00bb button_two_border_radius=\u00bb100px\u00bb button_two_letter_spacing=\u00bb3px\u00bb button_two_font=\u00bbOswald|||on|||||\u00bb button_two_use_icon=\u00bboff\u00bb module_alignment=\u00bbcenter\u00bb min_height=\u00bb50vh\u00bb height=\u00bb50vh\u00bb max_height=\u00bb50vh\u00bb custom_margin=\u00bb0px||0px||true|false\u00bb custom_padding=\u00bb0px||0px||true|false\u00bb animation_style=\u00bbzoom\u00bb animation_duration=\u00bb2000ms\u00bb animation_intensity_zoom=\u00bb4%\u00bb subhead_font_size_tablet=\u00bb\u00bb subhead_font_size_phone=\u00bb50px\u00bb subhead_font_size_last_edited=\u00bbon|desktop\u00bb custom_css_header_container=\u00bbmin-height:55vh !important;\u00bb button_one_border_radius_hover=\u00bb100px\u00bb button_one_bg_color_hover=\u00bb#cc8d66&#8243; button_two_bg_color_hover=\u00bb#d29f68&#8243; global_colors_info=\u00bb{}\u00bb button_one_text_size__hover_enabled=\u00bboff\u00bb button_two_text_size__hover_enabled=\u00bboff\u00bb button_one_text_color__hover_enabled=\u00bboff\u00bb button_two_text_color__hover_enabled=\u00bboff\u00bb button_one_border_width__hover_enabled=\u00bboff\u00bb button_two_border_width__hover_enabled=\u00bboff\u00bb button_one_border_color__hover_enabled=\u00bboff\u00bb button_two_border_color__hover_enabled=\u00bboff\u00bb button_one_border_radius__hover_enabled=\u00bbon\u00bb button_one_border_radius__hover=\u00bb100px\u00bb button_two_border_radius__hover_enabled=\u00bboff\u00bb button_one_letter_spacing__hover_enabled=\u00bboff\u00bb button_two_letter_spacing__hover_enabled=\u00bboff\u00bb button_one_bg_color__hover_enabled=\u00bbon\u00bb button_one_bg_color__hover=\u00bb#cc8d66&#8243; button_two_bg_color__hover_enabled=\u00bbon\u00bb button_two_bg_color__hover=\u00bb#d29f68&#8243;][\/et_pb_fullwidth_header][\/et_pb_section][et_pb_section fb_built=\u00bb1&#8243; admin_label=\u00bbListings\u00bb _builder_version=\u00bb4.17.6&#8243; custom_padding=\u00bb80px||80px||true|false\u00bb animation_style=\u00bbfade\u00bb animation_delay=\u00bb200ms\u00bb global_colors_info=\u00bb{}\u00bb][et_pb_row column_structure=\u00bb3_5,2_5&#8243; use_custom_gutter=\u00bbon\u00bb admin_label=\u00bbAbout Row\u00bb _builder_version=\u00bb4.17.6&#8243; locked=\u00bboff\u00bb global_colors_info=\u00bb{}\u00bb][et_pb_column type=\u00bb3_5&#8243; _builder_version=\u00bb4.16&#8243; custom_padding=\u00bb|||\u00bb global_colors_info=\u00bb{}\u00bb custom_padding__hover=\u00bb|||\u00bb][et_pb_text _builder_version=\u00bb4.17.6&#8243; text_font=\u00bb||||||||\u00bb text_font_size=\u00bb18px\u00bb text_line_height=\u00bb1.9em\u00bb link_font=\u00bb||||||||\u00bb ul_font=\u00bb||||||||\u00bb ol_font=\u00bb||||||||\u00bb quote_font=\u00bb||||||||\u00bb header_font=\u00bb||||||||\u00bb header_2_font=\u00bbLora|700|||||||\u00bb header_2_font_size=\u00bb50px\u00bb header_2_line_height=\u00bb1.5em\u00bb header_3_font=\u00bbLora|700|||||||\u00bb header_3_font_size=\u00bb42px\u00bb header_3_line_height=\u00bb1.5em\u00bb header_5_font=\u00bbOswald|||on|||||\u00bb header_5_text_color=\u00bb#A56662&#8243; header_5_font_size=\u00bb20px\u00bb header_5_letter_spacing=\u00bb3px\u00bb max_width=\u00bb600px\u00bb max_width_tablet=\u00bb\u00bb max_width_phone=\u00bb\u00bb max_width_last_edited=\u00bbon|phone\u00bb custom_margin_tablet=\u00bb|70px||70px\u00bb custom_margin_phone=\u00bb|50px||50px\u00bb custom_margin_last_edited=\u00bboff|desktop\u00bb hover_enabled=\u00bb0&#8243; text_line_height_last_edited=\u00bboff|desktop\u00bb global_colors_info=\u00bb{}\u00bb sticky_enabled=\u00bb0&#8243;]<\/p>\n<h5>CAMER\u00daN<\/h5>\n<h3>Informaci\u00f3n general<\/h3>\n<p>Camer\u00fan est\u00e1 situado en \u00c1frica Central, en la costa atl\u00e1ntica del Golfo de Guinea. Limita al sur con Guinea Ecuatorial, Gab\u00f3n y con Rep\u00fablica del Congo; al este limita con Rep\u00fablica Centroafricana, en el noroeste con el Chad, y en el oeste con Nigeria.<\/p>\n<p>Su capital es Yaund\u00e9 y su ciudad m\u00e1s poblada y capital econ\u00f3mica es Douala. Ha sido denominado \u00ab\u00c1frica en miniatura\u00bb por su diversidad geogr\u00e1fica y cultural, cuenta con una gran variedad de ecosistemas, desde la sabana del norte y semides\u00e9rtica del extremo norte, hasta la selva ecuatorial del este.<\/p>\n<p>Habitan el pa\u00eds m\u00e1s de doscientos grupos \u00e9tnicos y ling\u00fc\u00edsticos, pero las lenguas oficiales son el franc\u00e9s y el ingl\u00e9s, aunque tambi\u00e9n se hablan 24 idiomas nativos m\u00e1s.<\/p>\n<p>En relaci\u00f3n con otros pa\u00edses de la regi\u00f3n subsahariana, Camer\u00fan tiene una econom\u00eda diversificada. La actividad agr\u00edcola es la base de la econom\u00eda camerunesa y el primer empleador del pa\u00eds.<\/p>\n<p>[\/et_pb_text][et_pb_image src=\u00bbhttps:\/\/singacamerun.org\/wp-content\/uploads\/2023\/12\/cm.svg\u00bb title_text=\u00bbcm\u00bb show_bottom_space=\u00bboff\u00bb _builder_version=\u00bb4.17.6&#8243; _module_preset=\u00bbdefault\u00bb width=\u00bb30%\u00bb custom_margin=\u00bb50px||50px||true|false\u00bb global_colors_info=\u00bb{}\u00bb][\/et_pb_image][\/et_pb_column][et_pb_column type=\u00bb2_5&#8243; _builder_version=\u00bb4.16&#8243; custom_padding=\u00bb|||\u00bb global_colors_info=\u00bb{}\u00bb custom_padding__hover=\u00bb|||\u00bb][et_pb_text admin_label=\u00bbTitle\u00bb _builder_version=\u00bb4.17.6&#8243; text_font=\u00bbLora||||||||\u00bb text_font_size=\u00bb18px\u00bb text_line_height=\u00bb2em\u00bb link_font=\u00bb||||||||\u00bb ul_font=\u00bb||||||||\u00bb ol_font=\u00bb||||||||\u00bb quote_font=\u00bb||||||||\u00bb header_font=\u00bb||||||||\u00bb header_2_font=\u00bbLora|700|||||||\u00bb header_2_font_size=\u00bb50px\u00bb header_2_line_height=\u00bb1.5em\u00bb header_3_font=\u00bbLora|700|||||||\u00bb header_3_font_size=\u00bb42px\u00bb header_3_line_height=\u00bb1.5em\u00bb header_5_font=\u00bbOswald|||on|||||\u00bb header_5_text_color=\u00bb#A56662&#8243; header_5_font_size=\u00bb20px\u00bb header_5_letter_spacing=\u00bb3px\u00bb header_5_line_height=\u00bb1.5em\u00bb max_width=\u00bb600px\u00bb max_width_tablet=\u00bb\u00bb max_width_phone=\u00bb\u00bb max_width_last_edited=\u00bbon|phone\u00bb custom_margin_tablet=\u00bb|70px||70px\u00bb custom_margin_phone=\u00bb|50px||50px\u00bb custom_margin_last_edited=\u00bboff|desktop\u00bb text_line_height_last_edited=\u00bboff|desktop\u00bb locked=\u00bboff\u00bb global_colors_info=\u00bb{}\u00bb]<\/p>\n<h5>Datos de inter\u00e9s<\/h5>\n<p>[\/et_pb_text][et_pb_accordion open_toggle_text_color=\u00bb#A56662&#8243; open_toggle_background_color=\u00bb#6B302B\u00bb closed_toggle_background_color=\u00bb#FCD9D6&#8243; icon_color=\u00bb#6B302B\u00bb _builder_version=\u00bb4.17.6&#8243; toggle_text_color=\u00bb#3A1310&#8243; toggle_font=\u00bbOswald|||on|||||\u00bb toggle_font_size=\u00bb16px\u00bb toggle_letter_spacing=\u00bb3px\u00bb toggle_line_height=\u00bb1.5em\u00bb body_font=\u00bbActor||||||||\u00bb body_text_color=\u00bb#ffffff\u00bb body_font_size=\u00bb18px\u00bb body_line_height=\u00bb2em\u00bb max_width=\u00bb480px\u00bb max_width_tablet=\u00bb\u00bb max_width_phone=\u00bb\u00bb max_width_last_edited=\u00bbon|desktop\u00bb custom_margin=\u00bb||||false|false\u00bb animation_style=\u00bbslide\u00bb animation_direction=\u00bbtop\u00bb animation_intensity_slide=\u00bb5%\u00bb border_radii=\u00bbon|8px|8px|8px|8px\u00bb border_width_all=\u00bb0px\u00bb global_colors_info=\u00bb{}\u00bb][et_pb_accordion_item title=\u00bbSuperficie\u00bb open=\u00bbon\u00bb _builder_version=\u00bb4.17.6&#8243; custom_margin=\u00bb||5px||false|false\u00bb global_colors_info=\u00bb{}\u00bb]<\/p>\n<p>466.050 km2 (Espa\u00f1a: 505.370 km2)<\/p>\n<p>[\/et_pb_accordion_item][et_pb_accordion_item title=\u00bbPoblaci\u00f3n\u00bb _builder_version=\u00bb4.17.6&#8243; custom_margin=\u00bb||5px||false|false\u00bb global_colors_info=\u00bb{}\u00bb open=\u00bboff\u00bb]<\/p>\n<p>27,2 millones de habitantes<\/p>\n<p>[\/et_pb_accordion_item][et_pb_accordion_item title=\u00bbDensidad\u00bb _builder_version=\u00bb4.17.6&#8243; custom_margin=\u00bb||5px||false|false\u00bb global_colors_info=\u00bb{}\u00bb open=\u00bboff\u00bb]<\/p>\n<p>56 hab\/km2 (Espa\u00f1a: 94 hab\/km2)<\/p>\n<p>[\/et_pb_accordion_item][et_pb_accordion_item title=\u00bbPIB per c\u00e1pita\u00bb _builder_version=\u00bb4.17.6&#8243; custom_margin=\u00bb||5px||false|false\u00bb global_colors_info=\u00bb{}\u00bb open=\u00bboff\u00bb]<\/p>\n<p>4.064$<br \/>(Espa\u00f1a 40.775$)<\/p>\n<p>[\/et_pb_accordion_item][et_pb_accordion_item title=\u00bbEsperanza de vida al nacer\u00bb _builder_version=\u00bb4.17.6&#8243; custom_margin=\u00bb||5px||false|false\u00bb global_colors_info=\u00bb{}\u00bb open=\u00bboff\u00bb]<\/p>\n<p>61 a\u00f1os (63 a\u00f1os las mujeres y 59 los hombres)<\/p>\n<p>[\/et_pb_accordion_item][et_pb_accordion_item title=\u00bbEsperanza de vida sana\u00bb _builder_version=\u00bb4.17.6&#8243; custom_margin=\u00bb||5px||false|false\u00bb global_colors_info=\u00bb{}\u00bb open=\u00bboff\u00bb]<\/p>\n<p>54,5 a\u00f1os<\/p>\n<p>[\/et_pb_accordion_item][et_pb_accordion_item title=\u00bb\u00cdndice de desigualdad de g\u00e9nero\u00bb _builder_version=\u00bb4.17.6&#8243; custom_margin=\u00bb||5px||false|false\u00bb global_colors_info=\u00bb{}\u00bb open=\u00bboff\u00bb]<\/p>\n<p>141\/187<\/p>\n<p>[\/et_pb_accordion_item][et_pb_accordion_item title=\u00bbMortalidad infantil\u00bb _builder_version=\u00bb4.17.6&#8243; custom_margin=\u00bb||5px||false|false\u00bb global_colors_info=\u00bb{}\u00bb open=\u00bboff\u00bb]<\/p>\n<p>70\/1000 nacidos vivos<\/p>\n<p>[\/et_pb_accordion_item][et_pb_accordion_item title=\u00bbgasto en salud per c\u00e1pita\u00bb _builder_version=\u00bb4.17.6&#8243; custom_margin=\u00bb||5px||false|false\u00bb global_colors_info=\u00bb{}\u00bb open=\u00bboff\u00bb]<\/p>\n<p>3.6% del PIB<\/p>\n<p>[\/et_pb_accordion_item][et_pb_accordion_item title=\u00bbN\u00famero de m\u00e9dicos\u00bb _builder_version=\u00bb4.17.6&#8243; custom_margin=\u00bb||5px||false|false\u00bb global_colors_info=\u00bb{}\u00bb open=\u00bboff\u00bb]<\/p>\n<p>0.1\/1000 habitantes<\/p>\n<p>[\/et_pb_accordion_item][et_pb_accordion_item title=\u00bbN\u00famero de enfermeras\u00bb _builder_version=\u00bb4.17.6&#8243; custom_margin=\u00bb||5px||false|false\u00bb global_colors_info=\u00bb{}\u00bb open=\u00bboff\u00bb]<\/p>\n<p>0,51\/1000 habitantes<\/p>\n<p>[\/et_pb_accordion_item][et_pb_accordion_item title=\u00bbGasto en educaci\u00f3n p\u00fablica\u00bb _builder_version=\u00bb4.17.6&#8243; custom_margin=\u00bb||5px||false|false\u00bb global_colors_info=\u00bb{}\u00bb open=\u00bboff\u00bb]<\/p>\n<p>3.2% PIB<\/p>\n<p>[\/et_pb_accordion_item][et_pb_accordion_item title=\u00bbAnalfabetismo\u00bb _builder_version=\u00bb4.17.6&#8243; custom_margin=\u00bb||5px||false|false\u00bb global_colors_info=\u00bb{}\u00bb open=\u00bboff\u00bb]<\/p>\n<p>58.7% Mujeres adultas<br \/>52% Hombres adultos<\/p>\n<p>[\/et_pb_accordion_item][et_pb_accordion_item title=\u00bb\u00cdndice de finalizaci\u00f3n de la educaci\u00f3n primaria\u00bb _builder_version=\u00bb4.17.6&#8243; custom_margin=\u00bb||5px||false|false\u00bb global_colors_info=\u00bb{}\u00bb open=\u00bboff\u00bb]<\/p>\n<p>65,5%<\/p>\n<p>[\/et_pb_accordion_item][\/et_pb_accordion][\/et_pb_column][\/et_pb_row][\/et_pb_section]<\/p>\n","protected":false},"excerpt":{"rendered":"<p>CAMER\u00daN Informaci\u00f3n general Camer\u00fan est\u00e1 situado en \u00c1frica Central, en la costa atl\u00e1ntica del Golfo de Guinea. Limita al sur con Guinea Ecuatorial, Gab\u00f3n y con Rep\u00fablica del Congo; al este limita con Rep\u00fablica Centroafricana, en el noroeste con el Chad, y en el oeste con Nigeria. Su capital es Yaund\u00e9 y su ciudad m\u00e1s [&hellip;]<\/p>\n","protected":false},"author":1,"featured_media":0,"parent":0,"menu_order":0,"comment_status":"closed","ping_status":"closed","template":"","meta":{"_acf_changed":false,"_et_pb_use_builder":"on","_et_pb_old_content":"","_et_gb_content_width":"","footnotes":""},"class_list":["post-605","page","type-page","status-publish","hentry"],"acf":[],"yoast_head":"<!-- This site is optimized with the Yoast SEO plugin v25.2 - https:\/\/yoast.com\/wordpress\/plugins\/seo\/ -->\n<title>Camer\u00fan - Singa Camerun<\/title>\n<meta name=\"robots\" content=\"index, follow, max-snippet:-1, max-image-preview:large, max-video-preview:-1\" \/>\n<link rel=\"canonical\" href=\"https:\/\/singacamerun.org\/es\/camerun\/\" \/>\n<meta property=\"og:locale\" content=\"es_ES\" \/>\n<meta property=\"og:type\" content=\"article\" \/>\n<meta property=\"og:title\" content=\"Camer\u00fan - Singa Camerun\" \/>\n<meta property=\"og:description\" content=\"CAMER\u00daN Informaci\u00f3n general Camer\u00fan est\u00e1 situado en \u00c1frica Central, en la costa atl\u00e1ntica del Golfo de Guinea. Limita al sur con Guinea Ecuatorial, Gab\u00f3n y con Rep\u00fablica del Congo; al este limita con Rep\u00fablica Centroafricana, en el noroeste con el Chad, y en el oeste con Nigeria. Su capital es Yaund\u00e9 y su ciudad m\u00e1s [&hellip;]\" \/>\n<meta property=\"og:url\" content=\"https:\/\/singacamerun.org\/es\/camerun\/\" \/>\n<meta property=\"og:site_name\" content=\"Singa Camerun\" \/>\n<meta property=\"article:modified_time\" content=\"2024-01-18T09:58:14+00:00\" \/>\n<meta name=\"twitter:card\" content=\"summary_large_image\" \/>\n<meta name=\"twitter:label1\" content=\"Tiempo de lectura\" \/>\n\t<meta name=\"twitter:data1\" content=\"8 minutos\" \/>\n<script type=\"application\/ld+json\" class=\"yoast-schema-graph\">{\"@context\":\"https:\/\/schema.org\",\"@graph\":[{\"@type\":\"WebPage\",\"@id\":\"https:\/\/singacamerun.org\/es\/camerun\/\",\"url\":\"https:\/\/singacamerun.org\/es\/camerun\/\",\"name\":\"Camer\u00fan - Singa Camerun\",\"isPartOf\":{\"@id\":\"https:\/\/singacamerun.org\/es\/#website\"},\"datePublished\":\"2023-11-23T14:31:59+00:00\",\"dateModified\":\"2024-01-18T09:58:14+00:00\",\"breadcrumb\":{\"@id\":\"https:\/\/singacamerun.org\/es\/camerun\/#breadcrumb\"},\"inLanguage\":\"es\",\"potentialAction\":[{\"@type\":\"ReadAction\",\"target\":[\"https:\/\/singacamerun.org\/es\/camerun\/\"]}]},{\"@type\":\"BreadcrumbList\",\"@id\":\"https:\/\/singacamerun.org\/es\/camerun\/#breadcrumb\",\"itemListElement\":[{\"@type\":\"ListItem\",\"position\":1,\"name\":\"Inici\",\"item\":\"https:\/\/singacamerun.org\/es\/\"},{\"@type\":\"ListItem\",\"position\":2,\"name\":\"Camer\u00fan\"}]},{\"@type\":\"WebSite\",\"@id\":\"https:\/\/singacamerun.org\/es\/#website\",\"url\":\"https:\/\/singacamerun.org\/es\/\",\"name\":\"Singa Camerun\",\"description\":\"Singa Camer\u00fan somos una asociaci\u00f3n no gubernamental (ONG) que opera en Camer\u00fan dedicada a la infancia, la mujer, la salud y la educaci\u00f3n. \u00bfTe sumas?\",\"publisher\":{\"@id\":\"https:\/\/singacamerun.org\/es\/#organization\"},\"potentialAction\":[{\"@type\":\"SearchAction\",\"target\":{\"@type\":\"EntryPoint\",\"urlTemplate\":\"https:\/\/singacamerun.org\/es\/?s={search_term_string}\"},\"query-input\":{\"@type\":\"PropertyValueSpecification\",\"valueRequired\":true,\"valueName\":\"search_term_string\"}}],\"inLanguage\":\"es\"},{\"@type\":\"Organization\",\"@id\":\"https:\/\/singacamerun.org\/es\/#organization\",\"name\":\"Singa Camerun\",\"url\":\"https:\/\/singacamerun.org\/es\/\",\"logo\":{\"@type\":\"ImageObject\",\"inLanguage\":\"es\",\"@id\":\"https:\/\/singacamerun.org\/es\/#\/schema\/logo\/image\/\",\"url\":\"https:\/\/singacamerun.org\/wp-content\/uploads\/2023\/10\/LOGO-SINGA-1.png\",\"contentUrl\":\"https:\/\/singacamerun.org\/wp-content\/uploads\/2023\/10\/LOGO-SINGA-1.png\",\"width\":1973,\"height\":714,\"caption\":\"Singa Camerun\"},\"image\":{\"@id\":\"https:\/\/singacamerun.org\/es\/#\/schema\/logo\/image\/\"},\"sameAs\":[\"https:\/\/www.instagram.com\/singacamerun\/\"]}]}<\/script>\n<!-- \/ Yoast SEO plugin. -->","yoast_head_json":{"title":"Camer\u00fan - Singa Camerun","robots":{"index":"index","follow":"follow","max-snippet":"max-snippet:-1","max-image-preview":"max-image-preview:large","max-video-preview":"max-video-preview:-1"},"canonical":"https:\/\/singacamerun.org\/es\/camerun\/","og_locale":"es_ES","og_type":"article","og_title":"Camer\u00fan - Singa Camerun","og_description":"CAMER\u00daN Informaci\u00f3n general Camer\u00fan est\u00e1 situado en \u00c1frica Central, en la costa atl\u00e1ntica del Golfo de Guinea. Limita al sur con Guinea Ecuatorial, Gab\u00f3n y con Rep\u00fablica del Congo; al este limita con Rep\u00fablica Centroafricana, en el noroeste con el Chad, y en el oeste con Nigeria. Su capital es Yaund\u00e9 y su ciudad m\u00e1s [&hellip;]","og_url":"https:\/\/singacamerun.org\/es\/camerun\/","og_site_name":"Singa Camerun","article_modified_time":"2024-01-18T09:58:14+00:00","twitter_card":"summary_large_image","twitter_misc":{"Tiempo de lectura":"8 minutos"},"schema":{"@context":"https:\/\/schema.org","@graph":[{"@type":"WebPage","@id":"https:\/\/singacamerun.org\/es\/camerun\/","url":"https:\/\/singacamerun.org\/es\/camerun\/","name":"Camer\u00fan - Singa Camerun","isPartOf":{"@id":"https:\/\/singacamerun.org\/es\/#website"},"datePublished":"2023-11-23T14:31:59+00:00","dateModified":"2024-01-18T09:58:14+00:00","breadcrumb":{"@id":"https:\/\/singacamerun.org\/es\/camerun\/#breadcrumb"},"inLanguage":"es","potentialAction":[{"@type":"ReadAction","target":["https:\/\/singacamerun.org\/es\/camerun\/"]}]},{"@type":"BreadcrumbList","@id":"https:\/\/singacamerun.org\/es\/camerun\/#breadcrumb","itemListElement":[{"@type":"ListItem","position":1,"name":"Inici","item":"https:\/\/singacamerun.org\/es\/"},{"@type":"ListItem","position":2,"name":"Camer\u00fan"}]},{"@type":"WebSite","@id":"https:\/\/singacamerun.org\/es\/#website","url":"https:\/\/singacamerun.org\/es\/","name":"Singa Camerun","description":"Singa Camer\u00fan somos una asociaci\u00f3n no gubernamental (ONG) que opera en Camer\u00fan dedicada a la infancia, la mujer, la salud y la educaci\u00f3n. \u00bfTe sumas?","publisher":{"@id":"https:\/\/singacamerun.org\/es\/#organization"},"potentialAction":[{"@type":"SearchAction","target":{"@type":"EntryPoint","urlTemplate":"https:\/\/singacamerun.org\/es\/?s={search_term_string}"},"query-input":{"@type":"PropertyValueSpecification","valueRequired":true,"valueName":"search_term_string"}}],"inLanguage":"es"},{"@type":"Organization","@id":"https:\/\/singacamerun.org\/es\/#organization","name":"Singa Camerun","url":"https:\/\/singacamerun.org\/es\/","logo":{"@type":"ImageObject","inLanguage":"es","@id":"https:\/\/singacamerun.org\/es\/#\/schema\/logo\/image\/","url":"https:\/\/singacamerun.org\/wp-content\/uploads\/2023\/10\/LOGO-SINGA-1.png","contentUrl":"https:\/\/singacamerun.org\/wp-content\/uploads\/2023\/10\/LOGO-SINGA-1.png","width":1973,"height":714,"caption":"Singa Camerun"},"image":{"@id":"https:\/\/singacamerun.org\/es\/#\/schema\/logo\/image\/"},"sameAs":["https:\/\/www.instagram.com\/singacamerun\/"]}]}},"_links":{"self":[{"href":"https:\/\/singacamerun.org\/es\/wp-json\/wp\/v2\/pages\/605","targetHints":{"allow":["GET"]}}],"collection":[{"href":"https:\/\/singacamerun.org\/es\/wp-json\/wp\/v2\/pages"}],"about":[{"href":"https:\/\/singacamerun.org\/es\/wp-json\/wp\/v2\/types\/page"}],"author":[{"embeddable":true,"href":"https:\/\/singacamerun.org\/es\/wp-json\/wp\/v2\/users\/1"}],"replies":[{"embeddable":true,"href":"https:\/\/singacamerun.org\/es\/wp-json\/wp\/v2\/comments?post=605"}],"version-history":[{"count":2,"href":"https:\/\/singacamerun.org\/es\/wp-json\/wp\/v2\/pages\/605\/revisions"}],"predecessor-version":[{"id":607,"href":"https:\/\/singacamerun.org\/es\/wp-json\/wp\/v2\/pages\/605\/revisions\/607"}],"wp:attachment":[{"href":"https:\/\/singacamerun.org\/es\/wp-json\/wp\/v2\/media?parent=605"}],"curies":[{"name":"wp","href":"https:\/\/api.w.org\/{rel}","templated":true}]}}