{"id":608,"date":"2023-11-23T15:43:20","date_gmt":"2023-11-23T14:43:20","guid":{"rendered":"https:\/\/singacamerun.org\/proyectos\/"},"modified":"2024-01-18T11:07:43","modified_gmt":"2024-01-18T10:07:43","slug":"proyectos","status":"publish","type":"page","link":"https:\/\/singacamerun.org\/es\/proyectos\/","title":{"rendered":"Proyectos"},"content":{"rendered":"<p>[et_pb_section fb_built=\u00bb1&#8243; fullwidth=\u00bbon\u00bb next_background_color=\u00bb#ffffff\u00bb admin_label=\u00bbHeader Section\u00bb module_class=\u00bbhome-header\u00bb _builder_version=\u00bb4.17.6&#8243; background_enable_color=\u00bboff\u00bb background_image=\u00bbhttps:\/\/singacamerun.org\/wp-content\/uploads\/2023\/11\/IMG_8298.jpeg\u00bb background_blend=\u00bbmultiply\u00bb height=\u00bb60vh\u00bb overflow-y=\u00bbhidden\u00bb custom_padding=\u00bb0px||0px||false|false\u00bb bottom_divider_style=\u00bbramp\u00bb bottom_divider_flip=\u00bbhorizontal\u00bb global_colors_info=\u00bb{}\u00bb][et_pb_fullwidth_header title=\u00bbalimentaci\u00f3n, salud, educaci\u00f3n\u00bb subhead=\u00bbProyectos\u00bb text_orientation=\u00bbcenter\u00bb header_fullscreen=\u00bbon\u00bb button_one_text=\u00bbConoce nuestros proyectos\u00bb button_one_url=\u00bb#projectes\u00bb _builder_version=\u00bb4.17.6&#8243; title_font=\u00bbOswald|||on|||||\u00bb title_font_size=\u00bb20px\u00bb title_letter_spacing=\u00bb3px\u00bb title_line_height=\u00bb1.5em\u00bb content_font=\u00bbLora||||||||\u00bb content_font_size=\u00bb22px\u00bb content_line_height=\u00bb2em\u00bb subhead_font=\u00bbLora|700|||||||\u00bb subhead_font_size=\u00bb60px\u00bb subhead_line_height=\u00bb1.5em\u00bb background_color=\u00bbrgba(255,255,255,0)\u00bb background_image=\u00bbhttps:\/\/scontent-mad2-1.cdninstagram.com\/v\/t39.30808-6\/387076561_190580944079434_4818332565821780136_n.png?stp=dst-png_e15&#038;efg=eyJ2ZW5jb2RlX3RhZyI6ImltYWdlX3VybGdlbi4xNTM2eDE1MzYuc2RyIn0&#038;_nc_ht=scontent-mad2-1.cdninstagram.com&#038;_nc_cat=110&#038;_nc_ohc=8GehAaEzEOcAX9gfJGD&#038;edm=ACWDqb8AAAAA&#038;ccb=7-5&#038;ig_cache_key=MzIxMjUwNDU5NDQ2MTk3OTQ4OA%3D%3D.2-ccb7-5&#038;oh=00_AfAd8oH3CnjqkR7-97FkhyYRpxE88QEvUPE41DEK4DUXUw&#038;oe=655663BD&#038;_nc_sid=ee9879&#8243; custom_button_one=\u00bbon\u00bb button_one_text_size=\u00bb16px\u00bb button_one_text_color=\u00bb#ffffff\u00bb button_one_bg_color=\u00bb#d29f68&#8243; button_one_border_width=\u00bb15px\u00bb button_one_border_color=\u00bbrgba(210,159,104,0)\u00bb button_one_border_radius=\u00bb100px\u00bb button_one_letter_spacing=\u00bb3px\u00bb button_one_font=\u00bbOswald|||on|||||\u00bb button_one_use_icon=\u00bboff\u00bb custom_button_two=\u00bbon\u00bb button_two_text_size=\u00bb16px\u00bb button_two_text_color=\u00bb#ffffff\u00bb button_two_bg_color=\u00bbrgba(255,255,255,0.35)\u00bb button_two_border_width=\u00bb15px\u00bb button_two_border_color=\u00bbrgba(0,0,0,0)\u00bb button_two_border_radius=\u00bb100px\u00bb button_two_letter_spacing=\u00bb3px\u00bb button_two_font=\u00bbOswald|||on|||||\u00bb button_two_use_icon=\u00bboff\u00bb module_alignment=\u00bbcenter\u00bb min_height=\u00bb50vh\u00bb height=\u00bb50vh\u00bb max_height=\u00bb50vh\u00bb custom_margin=\u00bb0px||0px||true|false\u00bb custom_padding=\u00bb0px||0px||true|false\u00bb animation_style=\u00bbzoom\u00bb animation_duration=\u00bb2000ms\u00bb animation_intensity_zoom=\u00bb4%\u00bb subhead_font_size_tablet=\u00bb\u00bb subhead_font_size_phone=\u00bb50px\u00bb subhead_font_size_last_edited=\u00bbon|desktop\u00bb custom_css_header_container=\u00bbmin-height:55vh !important;\u00bb button_one_border_radius_hover=\u00bb100px\u00bb button_one_bg_color_hover=\u00bb#cc8d66&#8243; button_two_bg_color_hover=\u00bb#d29f68&#8243; global_colors_info=\u00bb{}\u00bb button_one_text_size__hover_enabled=\u00bboff\u00bb button_two_text_size__hover_enabled=\u00bboff\u00bb button_one_text_color__hover_enabled=\u00bboff\u00bb button_two_text_color__hover_enabled=\u00bboff\u00bb button_one_border_width__hover_enabled=\u00bboff\u00bb button_two_border_width__hover_enabled=\u00bboff\u00bb button_one_border_color__hover_enabled=\u00bboff\u00bb button_two_border_color__hover_enabled=\u00bboff\u00bb button_one_border_radius__hover_enabled=\u00bbon\u00bb button_one_border_radius__hover=\u00bb100px\u00bb button_two_border_radius__hover_enabled=\u00bboff\u00bb button_one_letter_spacing__hover_enabled=\u00bboff\u00bb button_two_letter_spacing__hover_enabled=\u00bboff\u00bb button_one_bg_color__hover_enabled=\u00bbon\u00bb button_one_bg_color__hover=\u00bb#cc8d66&#8243; button_two_bg_color__hover_enabled=\u00bbon\u00bb button_two_bg_color__hover=\u00bb#d29f68&#8243;][\/et_pb_fullwidth_header][\/et_pb_section][et_pb_section fb_built=\u00bb1&#8243; admin_label=\u00bbListings\u00bb _builder_version=\u00bb4.17.6&#8243; custom_padding=\u00bb80px||80px||true|false\u00bb animation_style=\u00bbfade\u00bb animation_delay=\u00bb200ms\u00bb global_colors_info=\u00bb{}\u00bb][et_pb_row column_structure=\u00bb1_2,1_2&#8243; admin_label=\u00bbAbout Row\u00bb _builder_version=\u00bb4.16&#8243; locked=\u00bboff\u00bb global_colors_info=\u00bb{}\u00bb][et_pb_column type=\u00bb1_2&#8243; _builder_version=\u00bb4.16&#8243; custom_padding=\u00bb|||\u00bb global_colors_info=\u00bb{}\u00bb custom_padding__hover=\u00bb|||\u00bb][et_pb_text _builder_version=\u00bb4.17.6&#8243; text_font=\u00bb||||||||\u00bb text_font_size=\u00bb18px\u00bb text_line_height=\u00bb1.9em\u00bb link_font=\u00bb||||||||\u00bb ul_font=\u00bb||||||||\u00bb ol_font=\u00bb||||||||\u00bb quote_font=\u00bb||||||||\u00bb header_font=\u00bb||||||||\u00bb header_2_font=\u00bbLora|700|||||||\u00bb header_2_font_size=\u00bb50px\u00bb header_2_line_height=\u00bb1.5em\u00bb header_3_font=\u00bbLora|700|||||||\u00bb header_3_font_size=\u00bb42px\u00bb header_3_line_height=\u00bb1.5em\u00bb header_5_font=\u00bbOswald|||on|||||\u00bb header_5_text_color=\u00bbrgba(0,0,0,0.4)\u00bb header_5_font_size=\u00bb20px\u00bb header_5_letter_spacing=\u00bb3px\u00bb max_width=\u00bb600px\u00bb max_width_tablet=\u00bb\u00bb max_width_phone=\u00bb\u00bb max_width_last_edited=\u00bbon|phone\u00bb custom_margin_tablet=\u00bb|70px||70px\u00bb custom_margin_phone=\u00bb|50px||50px\u00bb custom_margin_last_edited=\u00bboff|desktop\u00bb hover_enabled=\u00bb0&#8243; text_line_height_last_edited=\u00bboff|desktop\u00bb global_colors_info=\u00bb{}\u00bb sticky_enabled=\u00bb0&#8243;]<\/p>\n<h5>\u00c1mbitos de intervenci\u00f3n<\/h5>\n<h3>Ejes de actuaci\u00f3n<\/h3>\n<p>Alimentaci\u00f3n, salud, educaci\u00f3n, igualdad y emprendimiento son nuestros principales ejes de actuaci\u00f3n. Los proyectos los trabajamos en coordinaci\u00f3n con las entidades locales, puesto que son estas las conocedoras de sus necesidades reales. Adem\u00e1s, en la medida de lo posible estar\u00e1n ligados a los Objetivos de Desarrollo Sostenible (ODS) establecidos por la Organizaci\u00f3n de Naciones Unidas (ONU) a la agenda 2030.<\/p>\n<p>[\/et_pb_text][et_pb_button button_url=\u00bb#projectes\u00bb button_text=\u00bb\u00a1Conoce nuestros proyectos!\u00bb button_alignment=\u00bbleft\u00bb _builder_version=\u00bb4.17.6&#8243; custom_button=\u00bbon\u00bb button_text_size=\u00bb16px\u00bb button_text_color=\u00bb#ffffff\u00bb button_bg_color=\u00bb#d29f68&#8243; button_border_width=\u00bb15px\u00bb button_border_color=\u00bbrgba(210,159,104,0)\u00bb button_border_radius=\u00bb100px\u00bb button_letter_spacing=\u00bb3px\u00bb button_font=\u00bbOswald|||on|||||\u00bb button_use_icon=\u00bboff\u00bb custom_margin=\u00bb30px||||false|false\u00bb button_border_radius_hover=\u00bb100px\u00bb button_bg_color_hover=\u00bb#cc8d66&#8243; locked=\u00bboff\u00bb global_colors_info=\u00bb{}\u00bb button_text_size__hover_enabled=\u00bboff\u00bb button_one_text_size__hover_enabled=\u00bboff\u00bb button_two_text_size__hover_enabled=\u00bboff\u00bb button_text_color__hover_enabled=\u00bboff\u00bb button_one_text_color__hover_enabled=\u00bboff\u00bb button_two_text_color__hover_enabled=\u00bboff\u00bb button_border_width__hover_enabled=\u00bboff\u00bb button_one_border_width__hover_enabled=\u00bboff\u00bb button_two_border_width__hover_enabled=\u00bboff\u00bb button_border_color__hover_enabled=\u00bboff\u00bb button_one_border_color__hover_enabled=\u00bboff\u00bb button_two_border_color__hover_enabled=\u00bboff\u00bb button_border_radius__hover_enabled=\u00bbon\u00bb button_border_radius__hover=\u00bb100px\u00bb button_one_border_radius__hover_enabled=\u00bboff\u00bb button_two_border_radius__hover_enabled=\u00bboff\u00bb button_letter_spacing__hover_enabled=\u00bboff\u00bb button_one_letter_spacing__hover_enabled=\u00bboff\u00bb button_two_letter_spacing__hover_enabled=\u00bboff\u00bb button_bg_color__hover_enabled=\u00bbon\u00bb button_bg_color__hover=\u00bb#cc8d66&#8243; button_one_bg_color__hover_enabled=\u00bboff\u00bb button_two_bg_color__hover_enabled=\u00bboff\u00bb][\/et_pb_button][\/et_pb_column][et_pb_column type=\u00bb1_2&#8243; _builder_version=\u00bb4.16&#8243; custom_padding=\u00bb|||\u00bb global_colors_info=\u00bb{}\u00bb custom_padding__hover=\u00bb|||\u00bb][et_pb_image src=\u00bbhttps:\/\/singacamerun.org\/wp-content\/uploads\/2023\/12\/Camerun.png\u00bb title_text=\u00bbCamer\u00fan\u00bb _builder_version=\u00bb4.17.6&#8243; _module_preset=\u00bbdefault\u00bb global_colors_info=\u00bb{}\u00bb][\/et_pb_image][\/et_pb_column][\/et_pb_row][et_pb_row _builder_version=\u00bb4.17.6&#8243; _module_preset=\u00bbdefault\u00bb custom_margin=\u00bb60px||0px||false|false\u00bb locked=\u00bboff\u00bb global_colors_info=\u00bb{}\u00bb][et_pb_column type=\u00bb4_4&#8243; _builder_version=\u00bb4.17.6&#8243; _module_preset=\u00bbdefault\u00bb global_colors_info=\u00bb{}\u00bb][et_pb_text disabled_on=\u00bboff|off|off\u00bb _builder_version=\u00bb4.17.6&#8243; text_font=\u00bbLora||||||||\u00bb text_font_size=\u00bb16px\u00bb link_font=\u00bb||||||||\u00bb ul_font=\u00bb||||||||\u00bb ol_font=\u00bb||||||||\u00bb quote_font=\u00bb||||||||\u00bb header_font=\u00bb||||||||\u00bb header_2_font=\u00bb|700|||||||\u00bb header_2_font_size=\u00bb30px\u00bb header_3_font=\u00bbOswald|||on|||||\u00bb header_3_font_size=\u00bb20px\u00bb header_3_letter_spacing=\u00bb3px\u00bb header_3_line_height=\u00bb1.5em\u00bb header_4_font=\u00bb||||||||\u00bb max_width=\u00bb600px\u00bb text_line_height_last_edited=\u00bboff|desktop\u00bb locked=\u00bboff\u00bb global_colors_info=\u00bb{}\u00bb]<\/p>\n<h2>Nuestros destinatarios<\/h2>\n<p>[\/et_pb_text][\/et_pb_column][\/et_pb_row][et_pb_row column_structure=\u00bb1_3,1_3,1_3&#8243; use_custom_gutter=\u00bbon\u00bb gutter_width=\u00bb3&#8243; _builder_version=\u00bb4.17.6&#8243; _module_preset=\u00bbdefault\u00bb custom_margin=\u00bb40px||60px||false|false\u00bb locked=\u00bboff\u00bb global_colors_info=\u00bb{}\u00bb][et_pb_column type=\u00bb1_3&#8243; _builder_version=\u00bb4.17.6&#8243; _module_preset=\u00bbdefault\u00bb global_colors_info=\u00bb{}\u00bb][et_pb_text disabled_on=\u00bboff|off|off\u00bb _builder_version=\u00bb4.17.6&#8243; text_font=\u00bbLora||||||||\u00bb text_font_size=\u00bb16px\u00bb link_font=\u00bb||||||||\u00bb ul_font=\u00bb||||||||\u00bb ol_font=\u00bb||||||||\u00bb quote_font=\u00bb||||||||\u00bb header_font=\u00bb||||||||\u00bb header_2_font=\u00bb||||||||\u00bb header_3_font=\u00bbOswald|||on|||||\u00bb header_3_font_size=\u00bb20px\u00bb header_3_letter_spacing=\u00bb3px\u00bb header_3_line_height=\u00bb1.5em\u00bb header_4_font=\u00bbActor||||||||\u00bb header_4_line_height=\u00bb1.4em\u00bb max_width=\u00bb600px\u00bb text_line_height_last_edited=\u00bboff|desktop\u00bb locked=\u00bboff\u00bb global_colors_info=\u00bb{}\u00bb]<\/p>\n<h3><strong>Kentaja<\/strong><\/h3>\n<h4>Fundada en 1994 con el objetivo de cuidar, educar e intentar devolver la dignidad a los ni\u00f1os y ni\u00f1as, hu\u00e9rfanos de Camer\u00fan. Disponen de tres casas de acogida en las poblaciones de Bakou, Nkongsamba y Bandjuindjong, donde viven cerca de 90 ni\u00f1os acompa\u00f1ados de monitores.<\/h4>\n<p>[\/et_pb_text][\/et_pb_column][et_pb_column type=\u00bb1_3&#8243; _builder_version=\u00bb4.17.6&#8243; _module_preset=\u00bbdefault\u00bb global_colors_info=\u00bb{}\u00bb][et_pb_text disabled_on=\u00bboff|off|off\u00bb _builder_version=\u00bb4.17.6&#8243; text_font=\u00bbLora||||||||\u00bb text_font_size=\u00bb16px\u00bb link_font=\u00bb||||||||\u00bb ul_font=\u00bb||||||||\u00bb ol_font=\u00bb||||||||\u00bb quote_font=\u00bb||||||||\u00bb header_font=\u00bb||||||||\u00bb header_2_font=\u00bb||||||||\u00bb header_3_font=\u00bbOswald|||on|||||\u00bb header_3_font_size=\u00bb20px\u00bb header_3_letter_spacing=\u00bb3px\u00bb header_3_line_height=\u00bb1.5em\u00bb header_4_font=\u00bbActor||||||||\u00bb header_4_line_height=\u00bb1.4em\u00bb max_width=\u00bb600px\u00bb locked=\u00bboff\u00bb global_colors_info=\u00bb{}\u00bb]<\/p>\n<h3><strong>Aprofer. Asociaci\u00f3n para la promoci\u00f3n de la mujer rural<\/strong><\/h3>\n<h4>Fundada en el a\u00f1o 2000 con el objetivo de acompa\u00f1ar a las mujeres del \u00e1mbito rural en su importante rol de agentes de desarrollo. Interviene en diversos \u00e1mbitos: salud, agricultura y formaci\u00f3n.<\/h4>\n<p>[\/et_pb_text][\/et_pb_column][et_pb_column type=\u00bb1_3&#8243; _builder_version=\u00bb4.17.6&#8243; _module_preset=\u00bbdefault\u00bb global_colors_info=\u00bb{}\u00bb][et_pb_text disabled_on=\u00bboff|off|off\u00bb _builder_version=\u00bb4.17.6&#8243; text_font=\u00bbLora||||||||\u00bb text_font_size=\u00bb16px\u00bb link_font=\u00bb||||||||\u00bb ul_font=\u00bb||||||||\u00bb ol_font=\u00bb||||||||\u00bb quote_font=\u00bb||||||||\u00bb header_font=\u00bb||||||||\u00bb header_2_font=\u00bb||||||||\u00bb header_3_font=\u00bbOswald|||on|||||\u00bb header_3_font_size=\u00bb20px\u00bb header_3_letter_spacing=\u00bb3px\u00bb header_3_line_height=\u00bb1.5em\u00bb header_4_font=\u00bbActor||||||||\u00bb header_4_line_height=\u00bb1.4em\u00bb max_width=\u00bb600px\u00bb locked=\u00bboff\u00bb global_colors_info=\u00bb{}\u00bb]<\/p>\n<h3><strong>Poblaci\u00f3n de Bakou<\/strong><\/h3>\n<h4>En Bakou viven cerca de 5.500 personas. Dispone de un centro de salud llamado Barcelona\u2013Bakou y es aqu\u00ed donde prevemos acciones en el \u00e1mbito de la salud. Tambi\u00e9n en el \u00e1mbito educativo, tanto en el colegio p\u00fablico como el vinculado a la parroquia.<\/h4>\n<p>[\/et_pb_text][\/et_pb_column][\/et_pb_row][\/et_pb_section][et_pb_section fb_built=\u00bb1&#8243; admin_label=\u00bbProjectes\u00bb module_id=\u00bbproyectos\u00bb _builder_version=\u00bb4.17.6&#8243; _module_preset=\u00bbdefault\u00bb background_color=\u00bb#A56662&#8243; custom_padding=\u00bb80px||80px||true|false\u00bb global_colors_info=\u00bb{}\u00bb][et_pb_row _builder_version=\u00bb4.17.6&#8243; _module_preset=\u00bbdefault\u00bb global_colors_info=\u00bb{}\u00bb][et_pb_column type=\u00bb4_4&#8243; _builder_version=\u00bb4.17.6&#8243; _module_preset=\u00bbdefault\u00bb global_colors_info=\u00bb{}\u00bb][et_pb_blog_extras post_type=\u00bbprojecte\u00bb posts_number=\u00bb3&#8243; blog_layout=\u00bbblock_extended\u00bb show_more=\u00bboff\u00bb show_author=\u00bboff\u00bb show_date=\u00bboff\u00bb show_categories=\u00bboff\u00bb show_comments=\u00bboff\u00bb _builder_version=\u00bb4.17.6&#8243; _module_preset=\u00bbdefault\u00bb header_font=\u00bbLora|600|||||||\u00bb header_text_color=\u00bb#FFFFFF\u00bb header_font_size=\u00bb20px\u00bb header_line_height=\u00bb1.2em\u00bb body_text_color=\u00bb#FFFFFF\u00bb background_color=\u00bb#6B302B\u00bb border_color_all=\u00bbRGBA(255,255,255,0)\u00bb box_shadow_style=\u00bbpreset1&#8243; global_colors_info=\u00bb{}\u00bb][\/et_pb_blog_extras][et_pb_button button_url=\u00bb@ET-DC@eyJkeW5hbWljIjp0cnVlLCJjb250ZW50IjoicG9zdF9saW5rX3VybF9wYWdlIiwic2V0dGluZ3MiOnsicG9zdF9pZCI6IjIwMSJ9fQ==@\u00bb button_text=\u00bbVuelve a Proyectos\u00bb button_alignment=\u00bbcenter\u00bb _builder_version=\u00bb4.17.6&#8243; _dynamic_attributes=\u00bbbutton_url\u00bb _module_preset=\u00bbdefault\u00bb custom_button=\u00bbon\u00bb button_text_color=\u00bb#FFFFFF\u00bb button_border_radius=\u00bb22px\u00bb global_colors_info=\u00bb{}\u00bb][\/et_pb_button][\/et_pb_column][\/et_pb_row][\/et_pb_section]<\/p>\n","protected":false},"excerpt":{"rendered":"<p>\u00c1mbitos de intervenci\u00f3n Ejes de actuaci\u00f3n Alimentaci\u00f3n, salud, educaci\u00f3n, igualdad y emprendimiento son nuestros principales ejes de actuaci\u00f3n. Los proyectos los trabajamos en coordinaci\u00f3n con las entidades locales, puesto que son estas las conocedoras de sus necesidades reales. Adem\u00e1s, en la medida de lo posible estar\u00e1n ligados a los Objetivos de Desarrollo Sostenible (ODS) establecidos [&hellip;]<\/p>\n","protected":false},"author":1,"featured_media":0,"parent":0,"menu_order":0,"comment_status":"closed","ping_status":"closed","template":"","meta":{"_acf_changed":false,"_et_pb_use_builder":"on","_et_pb_old_content":"","_et_gb_content_width":"","footnotes":""},"class_list":["post-608","page","type-page","status-publish","hentry"],"acf":[],"yoast_head":"<!-- This site is optimized with the Yoast SEO plugin v25.2 - https:\/\/yoast.com\/wordpress\/plugins\/seo\/ -->\n<title>Proyectos - Singa Camerun<\/title>\n<meta name=\"robots\" content=\"index, follow, max-snippet:-1, max-image-preview:large, max-video-preview:-1\" \/>\n<link rel=\"canonical\" href=\"https:\/\/singacamerun.org\/es\/proyectos\/\" \/>\n<meta property=\"og:locale\" content=\"es_ES\" \/>\n<meta property=\"og:type\" content=\"article\" \/>\n<meta property=\"og:title\" content=\"Proyectos - Singa Camerun\" \/>\n<meta property=\"og:description\" content=\"\u00c1mbitos de intervenci\u00f3n Ejes de actuaci\u00f3n Alimentaci\u00f3n, salud, educaci\u00f3n, igualdad y emprendimiento son nuestros principales ejes de actuaci\u00f3n. Los proyectos los trabajamos en coordinaci\u00f3n con las entidades locales, puesto que son estas las conocedoras de sus necesidades reales. Adem\u00e1s, en la medida de lo posible estar\u00e1n ligados a los Objetivos de Desarrollo Sostenible (ODS) establecidos [&hellip;]\" \/>\n<meta property=\"og:url\" content=\"https:\/\/singacamerun.org\/es\/proyectos\/\" \/>\n<meta property=\"og:site_name\" content=\"Singa Camerun\" \/>\n<meta property=\"article:modified_time\" content=\"2024-01-18T10:07:43+00:00\" \/>\n<meta name=\"twitter:card\" content=\"summary_large_image\" \/>\n<meta name=\"twitter:label1\" content=\"Tiempo de lectura\" \/>\n\t<meta name=\"twitter:data1\" content=\"9 minutos\" \/>\n<script type=\"application\/ld+json\" class=\"yoast-schema-graph\">{\"@context\":\"https:\/\/schema.org\",\"@graph\":[{\"@type\":\"WebPage\",\"@id\":\"https:\/\/singacamerun.org\/es\/proyectos\/\",\"url\":\"https:\/\/singacamerun.org\/es\/proyectos\/\",\"name\":\"Proyectos - Singa Camerun\",\"isPartOf\":{\"@id\":\"https:\/\/singacamerun.org\/es\/#website\"},\"datePublished\":\"2023-11-23T14:43:20+00:00\",\"dateModified\":\"2024-01-18T10:07:43+00:00\",\"breadcrumb\":{\"@id\":\"https:\/\/singacamerun.org\/es\/proyectos\/#breadcrumb\"},\"inLanguage\":\"es\",\"potentialAction\":[{\"@type\":\"ReadAction\",\"target\":[\"https:\/\/singacamerun.org\/es\/proyectos\/\"]}]},{\"@type\":\"BreadcrumbList\",\"@id\":\"https:\/\/singacamerun.org\/es\/proyectos\/#breadcrumb\",\"itemListElement\":[{\"@type\":\"ListItem\",\"position\":1,\"name\":\"Inici\",\"item\":\"https:\/\/singacamerun.org\/es\/\"},{\"@type\":\"ListItem\",\"position\":2,\"name\":\"Proyectos\"}]},{\"@type\":\"WebSite\",\"@id\":\"https:\/\/singacamerun.org\/es\/#website\",\"url\":\"https:\/\/singacamerun.org\/es\/\",\"name\":\"Singa Camerun\",\"description\":\"Singa Camer\u00fan somos una asociaci\u00f3n no gubernamental (ONG) que opera en Camer\u00fan dedicada a la infancia, la mujer, la salud y la educaci\u00f3n. \u00bfTe sumas?\",\"publisher\":{\"@id\":\"https:\/\/singacamerun.org\/es\/#organization\"},\"potentialAction\":[{\"@type\":\"SearchAction\",\"target\":{\"@type\":\"EntryPoint\",\"urlTemplate\":\"https:\/\/singacamerun.org\/es\/?s={search_term_string}\"},\"query-input\":{\"@type\":\"PropertyValueSpecification\",\"valueRequired\":true,\"valueName\":\"search_term_string\"}}],\"inLanguage\":\"es\"},{\"@type\":\"Organization\",\"@id\":\"https:\/\/singacamerun.org\/es\/#organization\",\"name\":\"Singa Camerun\",\"url\":\"https:\/\/singacamerun.org\/es\/\",\"logo\":{\"@type\":\"ImageObject\",\"inLanguage\":\"es\",\"@id\":\"https:\/\/singacamerun.org\/es\/#\/schema\/logo\/image\/\",\"url\":\"https:\/\/singacamerun.org\/wp-content\/uploads\/2023\/10\/LOGO-SINGA-1.png\",\"contentUrl\":\"https:\/\/singacamerun.org\/wp-content\/uploads\/2023\/10\/LOGO-SINGA-1.png\",\"width\":1973,\"height\":714,\"caption\":\"Singa Camerun\"},\"image\":{\"@id\":\"https:\/\/singacamerun.org\/es\/#\/schema\/logo\/image\/\"},\"sameAs\":[\"https:\/\/www.instagram.com\/singacamerun\/\"]}]}<\/script>\n<!-- \/ Yoast SEO plugin. -->","yoast_head_json":{"title":"Proyectos - Singa Camerun","robots":{"index":"index","follow":"follow","max-snippet":"max-snippet:-1","max-image-preview":"max-image-preview:large","max-video-preview":"max-video-preview:-1"},"canonical":"https:\/\/singacamerun.org\/es\/proyectos\/","og_locale":"es_ES","og_type":"article","og_title":"Proyectos - Singa Camerun","og_description":"\u00c1mbitos de intervenci\u00f3n Ejes de actuaci\u00f3n Alimentaci\u00f3n, salud, educaci\u00f3n, igualdad y emprendimiento son nuestros principales ejes de actuaci\u00f3n. Los proyectos los trabajamos en coordinaci\u00f3n con las entidades locales, puesto que son estas las conocedoras de sus necesidades reales. Adem\u00e1s, en la medida de lo posible estar\u00e1n ligados a los Objetivos de Desarrollo Sostenible (ODS) establecidos [&hellip;]","og_url":"https:\/\/singacamerun.org\/es\/proyectos\/","og_site_name":"Singa Camerun","article_modified_time":"2024-01-18T10:07:43+00:00","twitter_card":"summary_large_image","twitter_misc":{"Tiempo de lectura":"9 minutos"},"schema":{"@context":"https:\/\/schema.org","@graph":[{"@type":"WebPage","@id":"https:\/\/singacamerun.org\/es\/proyectos\/","url":"https:\/\/singacamerun.org\/es\/proyectos\/","name":"Proyectos - Singa Camerun","isPartOf":{"@id":"https:\/\/singacamerun.org\/es\/#website"},"datePublished":"2023-11-23T14:43:20+00:00","dateModified":"2024-01-18T10:07:43+00:00","breadcrumb":{"@id":"https:\/\/singacamerun.org\/es\/proyectos\/#breadcrumb"},"inLanguage":"es","potentialAction":[{"@type":"ReadAction","target":["https:\/\/singacamerun.org\/es\/proyectos\/"]}]},{"@type":"BreadcrumbList","@id":"https:\/\/singacamerun.org\/es\/proyectos\/#breadcrumb","itemListElement":[{"@type":"ListItem","position":1,"name":"Inici","item":"https:\/\/singacamerun.org\/es\/"},{"@type":"ListItem","position":2,"name":"Proyectos"}]},{"@type":"WebSite","@id":"https:\/\/singacamerun.org\/es\/#website","url":"https:\/\/singacamerun.org\/es\/","name":"Singa Camerun","description":"Singa Camer\u00fan somos una asociaci\u00f3n no gubernamental (ONG) que opera en Camer\u00fan dedicada a la infancia, la mujer, la salud y la educaci\u00f3n. \u00bfTe sumas?","publisher":{"@id":"https:\/\/singacamerun.org\/es\/#organization"},"potentialAction":[{"@type":"SearchAction","target":{"@type":"EntryPoint","urlTemplate":"https:\/\/singacamerun.org\/es\/?s={search_term_string}"},"query-input":{"@type":"PropertyValueSpecification","valueRequired":true,"valueName":"search_term_string"}}],"inLanguage":"es"},{"@type":"Organization","@id":"https:\/\/singacamerun.org\/es\/#organization","name":"Singa Camerun","url":"https:\/\/singacamerun.org\/es\/","logo":{"@type":"ImageObject","inLanguage":"es","@id":"https:\/\/singacamerun.org\/es\/#\/schema\/logo\/image\/","url":"https:\/\/singacamerun.org\/wp-content\/uploads\/2023\/10\/LOGO-SINGA-1.png","contentUrl":"https:\/\/singacamerun.org\/wp-content\/uploads\/2023\/10\/LOGO-SINGA-1.png","width":1973,"height":714,"caption":"Singa Camerun"},"image":{"@id":"https:\/\/singacamerun.org\/es\/#\/schema\/logo\/image\/"},"sameAs":["https:\/\/www.instagram.com\/singacamerun\/"]}]}},"_links":{"self":[{"href":"https:\/\/singacamerun.org\/es\/wp-json\/wp\/v2\/pages\/608","targetHints":{"allow":["GET"]}}],"collection":[{"href":"https:\/\/singacamerun.org\/es\/wp-json\/wp\/v2\/pages"}],"about":[{"href":"https:\/\/singacamerun.org\/es\/wp-json\/wp\/v2\/types\/page"}],"author":[{"embeddable":true,"href":"https:\/\/singacamerun.org\/es\/wp-json\/wp\/v2\/users\/1"}],"replies":[{"embeddable":true,"href":"https:\/\/singacamerun.org\/es\/wp-json\/wp\/v2\/comments?post=608"}],"version-history":[{"count":2,"href":"https:\/\/singacamerun.org\/es\/wp-json\/wp\/v2\/pages\/608\/revisions"}],"predecessor-version":[{"id":610,"href":"https:\/\/singacamerun.org\/es\/wp-json\/wp\/v2\/pages\/608\/revisions\/610"}],"wp:attachment":[{"href":"https:\/\/singacamerun.org\/es\/wp-json\/wp\/v2\/media?parent=608"}],"curies":[{"name":"wp","href":"https:\/\/api.w.org\/{rel}","templated":true}]}}